{"id":1733,"date":"2022-01-14T09:43:28","date_gmt":"2022-01-14T09:43:28","guid":{"rendered":"https:\/\/firstsight.design\/magnetique\/demo\/?page_id=1733"},"modified":"2025-06-04T19:33:00","modified_gmt":"2025-06-04T17:33:00","slug":"consultor-empresarial-barcelona","status":"publish","type":"page","link":"https:\/\/www.stefano-melis.com\/it\/consultor-empresarial-barcelona\/","title":{"rendered":"Contatto"},"content":{"rendered":"\t\t<div data-elementor-type=\"wp-page\" data-elementor-id=\"1733\" class=\"elementor elementor-1733\" data-elementor-post-type=\"page\">\n\t\t\t\t<div class=\"elementor-element elementor-element-96317b5 e-flex e-con-boxed e-con e-parent\" data-id=\"96317b5\" data-element_type=\"container\" data-e-type=\"container\">\n\t\t\t\t\t<div class=\"e-con-inner\">\n\t\t<div class=\"elementor-element elementor-element-8ad85b2 e-con-full e-flex e-con e-child\" data-id=\"8ad85b2\" data-element_type=\"container\" data-e-type=\"container\">\n\t\t\t\t<div class=\"elementor-element elementor-element-11e9ac2 elementor-widget elementor-widget-heading\" data-id=\"11e9ac2\" data-element_type=\"widget\" data-e-type=\"widget\" data-widget_type=\"heading.default\">\n\t\t\t\t<div class=\"elementor-widget-container\">\n\t\t\t\t\t<h1 class=\"elementor-heading-title elementor-size-default\">Contacto<\/h1>\t\t\t\t<\/div>\n\t\t\t\t<\/div>\n\t\t\t\t<div class=\"elementor-element elementor-element-332da92 elementor-hidden-desktop elementor-hidden-tablet elementor-widget elementor-widget-text-editor\" data-id=\"332da92\" data-element_type=\"widget\" data-e-type=\"widget\" data-widget_type=\"text-editor.default\">\n\t\t\t\t<div class=\"elementor-widget-container\">\n\t\t\t\t\t\t\t\t\t<p>Stefano Melis<\/p>\t\t\t\t\t\t\t\t<\/div>\n\t\t\t\t<\/div>\n\t\t\t\t<div class=\"elementor-element elementor-element-a96c4c6 elementor-hidden-desktop elementor-hidden-tablet elementor-widget elementor-widget-heading\" data-id=\"a96c4c6\" data-element_type=\"widget\" data-e-type=\"widget\" data-widget_type=\"heading.default\">\n\t\t\t\t<div class=\"elementor-widget-container\">\n\t\t\t\t\t<h2 class=\"elementor-heading-title elementor-size-default\">Consultor Estrat\u00e9gico Empresarial en Barcelona<\/h2>\t\t\t\t<\/div>\n\t\t\t\t<\/div>\n\t\t\t\t<div class=\"elementor-element elementor-element-dd0013b elementor-widget elementor-widget-image\" data-id=\"dd0013b\" data-element_type=\"widget\" data-e-type=\"widget\" data-widget_type=\"image.default\">\n\t\t\t\t<div class=\"elementor-widget-container\">\n\t\t\t\t\t\t\t\t\t\t\t\t\t\t\t<img fetchpriority=\"high\" decoding=\"async\" width=\"599\" height=\"799\" src=\"https:\/\/www.stefano-melis.com\/wp-content\/uploads\/2024\/02\/P5180298-1.png\" class=\"attachment-large size-large wp-image-5556\" alt=\"\" srcset=\"https:\/\/www.stefano-melis.com\/wp-content\/uploads\/2024\/02\/P5180298-1.png 599w, https:\/\/www.stefano-melis.com\/wp-content\/uploads\/2024\/02\/P5180298-1-526x702.png 526w, https:\/\/www.stefano-melis.com\/wp-content\/uploads\/2024\/02\/P5180298-1-225x300.png 225w, https:\/\/www.stefano-melis.com\/wp-content\/uploads\/2024\/02\/P5180298-1-9x12.png 9w, https:\/\/www.stefano-melis.com\/wp-content\/uploads\/2024\/02\/P5180298-1-555x740.png 555w\" sizes=\"(max-width: 599px) 100vw, 599px\" \/>\t\t\t\t\t\t\t\t\t\t\t\t\t\t\t<\/div>\n\t\t\t\t<\/div>\n\t\t\t\t<\/div>\n\t\t<div class=\"elementor-element elementor-element-c982b5a e-con-full e-flex e-con e-child\" data-id=\"c982b5a\" data-element_type=\"container\" data-e-type=\"container\">\n\t\t\t\t<div class=\"elementor-element elementor-element-d24542f elementor-hidden-mobile elementor-widget elementor-widget-text-editor\" data-id=\"d24542f\" data-element_type=\"widget\" data-e-type=\"widget\" data-widget_type=\"text-editor.default\">\n\t\t\t\t<div class=\"elementor-widget-container\">\n\t\t\t\t\t\t\t\t\t<p>Stefano Melis<\/p>\t\t\t\t\t\t\t\t<\/div>\n\t\t\t\t<\/div>\n\t\t\t\t<div class=\"elementor-element elementor-element-0bd7565 elementor-hidden-mobile elementor-widget elementor-widget-heading\" data-id=\"0bd7565\" data-element_type=\"widget\" data-e-type=\"widget\" data-widget_type=\"heading.default\">\n\t\t\t\t<div class=\"elementor-widget-container\">\n\t\t\t\t\t<h2 class=\"elementor-heading-title elementor-size-default\">Consultor Estrat\u00e9gico Empresarial en Barcelona<\/h2>\t\t\t\t<\/div>\n\t\t\t\t<\/div>\n\t\t\t\t<div class=\"elementor-element elementor-element-ca1f225 elementor-widget elementor-widget-text-editor\" data-id=\"ca1f225\" data-element_type=\"widget\" data-e-type=\"widget\" data-widget_type=\"text-editor.default\">\n\t\t\t\t<div class=\"elementor-widget-container\">\n\t\t\t\t\t\t\t\t\t<p>He dedicado a\u00f1os ayudando a los empresarios a desarrollar, construir y evolucionar hacia una <strong>mentalidad estrat\u00e9gica empresarial<\/strong>.<\/p>\t\t\t\t\t\t\t\t<\/div>\n\t\t\t\t<\/div>\n\t\t\t\t<div class=\"elementor-element elementor-element-2f4ba72 elementor-icon-list--layout-traditional elementor-list-item-link-full_width elementor-widget elementor-widget-icon-list\" data-id=\"2f4ba72\" data-element_type=\"widget\" data-e-type=\"widget\" data-widget_type=\"icon-list.default\">\n\t\t\t\t<div class=\"elementor-widget-container\">\n\t\t\t\t\t\t\t<ul class=\"elementor-icon-list-items\">\n\t\t\t\t\t\t\t<li class=\"elementor-icon-list-item\">\n\t\t\t\t\t\t\t\t\t\t\t<a href=\"mailto:%20smelis@stefano-melis.com\">\n\n\t\t\t\t\t\t\t\t\t\t\t\t<span class=\"elementor-icon-list-icon\">\n\t\t\t\t\t\t\t<i aria-hidden=\"true\" class=\"far fa-envelope\"><\/i>\t\t\t\t\t\t<\/span>\n\t\t\t\t\t\t\t\t\t\t<span class=\"elementor-icon-list-text\">smelis@stefano-melis.com<\/span>\n\t\t\t\t\t\t\t\t\t\t\t<\/a>\n\t\t\t\t\t\t\t\t\t<\/li>\n\t\t\t\t\t\t\t\t<li class=\"elementor-icon-list-item\">\n\t\t\t\t\t\t\t\t\t\t\t<a href=\"tel:%20+34%20611%20017%20461\">\n\n\t\t\t\t\t\t\t\t\t\t\t\t<span class=\"elementor-icon-list-icon\">\n\t\t\t\t\t\t\t<i aria-hidden=\"true\" class=\"fas fa-phone-volume\"><\/i>\t\t\t\t\t\t<\/span>\n\t\t\t\t\t\t\t\t\t\t<span class=\"elementor-icon-list-text\">+34 611 017 461<\/span>\n\t\t\t\t\t\t\t\t\t\t\t<\/a>\n\t\t\t\t\t\t\t\t\t<\/li>\n\t\t\t\t\t\t<\/ul>\n\t\t\t\t\t\t<\/div>\n\t\t\t\t<\/div>\n\t\t\t\t<\/div>\n\t\t\t\t\t<\/div>\n\t\t\t\t<\/div>\n\t\t<div class=\"elementor-element elementor-element-5ace5ef e-flex e-con-boxed e-con e-parent\" data-id=\"5ace5ef\" data-element_type=\"container\" data-e-type=\"container\">\n\t\t\t\t\t<div class=\"e-con-inner\">\n\t\t<div class=\"elementor-element elementor-element-9d77285 e-con-full e-flex e-con e-child\" data-id=\"9d77285\" data-element_type=\"container\" data-e-type=\"container\">\n\t\t\t\t<\/div>\n\t\t<div class=\"elementor-element elementor-element-6b65675 e-con-full e-flex e-con e-child\" data-id=\"6b65675\" data-element_type=\"container\" data-e-type=\"container\">\n\t\t\t\t<div class=\"elementor-element elementor-element-24379c5 elementor-widget elementor-widget-heading\" data-id=\"24379c5\" data-element_type=\"widget\" data-e-type=\"widget\" data-widget_type=\"heading.default\">\n\t\t\t\t<div class=\"elementor-widget-container\">\n\t\t\t\t\t<h2 class=\"elementor-heading-title elementor-size-default\">Cu\u00e9ntame qu\u00e9 te gustar\u00eda mejorar en tu empresa<\/h2>\t\t\t\t<\/div>\n\t\t\t\t<\/div>\n\t\t\t\t<div class=\"elementor-element elementor-element-22990eb elementor-button-align-stretch elementor-widget elementor-widget-form\" data-id=\"22990eb\" data-element_type=\"widget\" data-e-type=\"widget\" data-settings=\"{&quot;step_next_label&quot;:&quot;Next&quot;,&quot;step_previous_label&quot;:&quot;Previous&quot;,&quot;button_width&quot;:&quot;100&quot;,&quot;step_type&quot;:&quot;number_text&quot;,&quot;step_icon_shape&quot;:&quot;circle&quot;}\" data-widget_type=\"form.default\">\n\t\t\t\t<div class=\"elementor-widget-container\">\n\t\t\t\t\t\t\t<form class=\"elementor-form\" method=\"post\" name=\"New Form\" aria-label=\"New Form\">\n\t\t\t<input type=\"hidden\" name=\"post_id\" value=\"1733\"\/>\n\t\t\t<input type=\"hidden\" name=\"form_id\" value=\"22990eb\"\/>\n\t\t\t<input type=\"hidden\" name=\"referer_title\" value=\"Consultor estrat\u00e9gico empresarial en Barcelona | Stefano Melis\" \/>\n\n\t\t\t\t\t\t\t<input type=\"hidden\" name=\"queried_id\" value=\"1733\"\/>\n\t\t\t\n\t\t\t<div class=\"elementor-form-fields-wrapper elementor-labels-\">\n\t\t\t\t\t\t\t\t<div class=\"elementor-field-type-text elementor-field-group elementor-column elementor-field-group-name elementor-col-100 elementor-field-required\">\n\t\t\t\t\t\t\t\t\t\t\t\t<label for=\"form-field-name\" class=\"elementor-field-label elementor-screen-only\">\n\t\t\t\t\t\t\t\tName\t\t\t\t\t\t\t<\/label>\n\t\t\t\t\t\t\t\t\t\t\t\t\t\t<input size=\"1\" type=\"text\" name=\"form_fields[name]\" id=\"form-field-name\" class=\"elementor-field elementor-size-sm  elementor-field-textual\" placeholder=\"Nombre*\" required=\"required\">\n\t\t\t\t\t\t\t\t\t\t\t<\/div>\n\t\t\t\t\t\t\t\t<div class=\"elementor-field-type-email elementor-field-group elementor-column elementor-field-group-email elementor-col-100 elementor-field-required\">\n\t\t\t\t\t\t\t\t\t\t\t\t<label for=\"form-field-email\" class=\"elementor-field-label elementor-screen-only\">\n\t\t\t\t\t\t\t\tEmail\t\t\t\t\t\t\t<\/label>\n\t\t\t\t\t\t\t\t\t\t\t\t\t\t<input size=\"1\" type=\"email\" name=\"form_fields[email]\" id=\"form-field-email\" class=\"elementor-field elementor-size-sm  elementor-field-textual\" placeholder=\"Email*\" required=\"required\">\n\t\t\t\t\t\t\t\t\t\t\t<\/div>\n\t\t\t\t\t\t\t\t<div class=\"elementor-field-type-tel elementor-field-group elementor-column elementor-field-group-field_3359ce3 elementor-col-100 elementor-field-required\">\n\t\t\t\t\t\t\t\t\t\t\t\t<label for=\"form-field-field_3359ce3\" class=\"elementor-field-label elementor-screen-only\">\n\t\t\t\t\t\t\t\tTel\u00e9fono\t\t\t\t\t\t\t<\/label>\n\t\t\t\t\t\t\t\t<input size=\"1\" type=\"tel\" name=\"form_fields[field_3359ce3]\" id=\"form-field-field_3359ce3\" class=\"elementor-field elementor-size-sm  elementor-field-textual\" placeholder=\"Tel\u00e9fono*\" required=\"required\" pattern=\"[0-9()#&+*-=.]+\" title=\"Only numbers and phone characters (#, -, *, etc) are accepted.\">\n\n\t\t\t\t\t\t<\/div>\n\t\t\t\t\t\t\t\t<div class=\"elementor-field-type-textarea elementor-field-group elementor-column elementor-field-group-message elementor-col-100\">\n\t\t\t\t\t\t\t\t\t\t\t\t<label for=\"form-field-message\" class=\"elementor-field-label elementor-screen-only\">\n\t\t\t\t\t\t\t\tMessage\t\t\t\t\t\t\t<\/label>\n\t\t\t\t\t\t<textarea class=\"elementor-field-textual elementor-field  elementor-size-sm\" name=\"form_fields[message]\" id=\"form-field-message\" rows=\"3\" placeholder=\"Dime en qu\u00e9 te puedo ayudar\"><\/textarea>\t\t\t\t<\/div>\n\t\t\t\t\t\t\t\t<div class=\"elementor-field-type-acceptance elementor-field-group elementor-column elementor-field-group-field_8e4dc03 elementor-col-100 elementor-field-required\">\n\t\t\t\t\t\t\t<div class=\"elementor-field-subgroup\">\n\t\t\t<span class=\"elementor-field-option\">\n\t\t\t\t<input type=\"checkbox\" name=\"form_fields[field_8e4dc03]\" id=\"form-field-field_8e4dc03\" class=\"elementor-field elementor-size-sm  elementor-acceptance-field\" required=\"required\">\n\t\t\t\t<label for=\"form-field-field_8e4dc03\">He le\u00eddo y acepto <a href=\"https:\/\/www.stefano-melis.com\/politica-de-privacidad\/\">Pol\u00edtica de privacidad<\/a><\/label>\t\t\t<\/span>\n\t\t<\/div>\n\t\t\t\t\t\t<\/div>\n\t\t\t\t\t\t\t\t<div class=\"elementor-field-group elementor-column elementor-field-type-submit elementor-col-100 e-form__buttons\">\n\t\t\t\t\t<button class=\"elementor-button elementor-size-sm elementor-animation-bounce-in\" type=\"submit\">\n\t\t\t\t\t\t<span class=\"elementor-button-content-wrapper\">\n\t\t\t\t\t\t\t\t\t\t\t\t\t\t\t\t\t\t\t\t\t\t<span class=\"elementor-button-text\">\u00a1Quiero contactar contigo!<\/span>\n\t\t\t\t\t\t\t\t\t\t\t\t\t<\/span>\n\t\t\t\t\t<\/button>\n\t\t\t\t<\/div>\n\t\t\t<\/div>\n\t\t<\/form>\n\t\t\t\t\t\t<\/div>\n\t\t\t\t<\/div>\n\t\t\t\t<\/div>\n\t\t<div class=\"elementor-element elementor-element-1c514fd e-con-full e-flex e-con e-child\" data-id=\"1c514fd\" data-element_type=\"container\" data-e-type=\"container\">\n\t\t\t\t<\/div>\n\t\t\t\t\t<\/div>\n\t\t\t\t<\/div>\n\t\t\t\t<\/div>\n\t\t","protected":false},"excerpt":{"rendered":"<p>Contacto Stefano Melis Consultor Estrat\u00e9gico Empresarial en Barcelona Stefano Melis Consultor Estrat\u00e9gico Empresarial en Barcelona He dedicado a\u00f1os ayudando a los empresarios a desarrollar, construir y evolucionar hacia una mentalidad estrat\u00e9gica empresarial. smelis@stefano-melis.com +34 611 017 461 Cu\u00e9ntame qu\u00e9 te gustar\u00eda mejorar en tu empresa<\/p>","protected":false},"author":6,"featured_media":0,"parent":0,"menu_order":0,"comment_status":"closed","ping_status":"closed","template":"","meta":{"inline_featured_image":false,"_kad_post_transparent":"","_kad_post_title":"","_kad_post_layout":"","_kad_post_sidebar_id":"","_kad_post_content_style":"","_kad_post_vertical_padding":"","_kad_post_feature":"","_kad_post_feature_position":"","_kad_post_header":false,"_kad_post_footer":false,"_kad_post_classname":"","footnotes":""},"class_list":["post-1733","page","type-page","status-publish","hentry"],"yoast_head":"<!-- This site is optimized with the Yoast SEO plugin v27.5 - https:\/\/yoast.com\/product\/yoast-seo-wordpress\/ -->\n<title>Consultor estrat\u00e9gico empresarial en Barcelona | Stefano Melis<\/title>\n<meta name=\"description\" content=\"Consultor\u00eda empresarial estrat\u00e9gica en Barcelona. Contacta y te ayudar\u00e9 a crear una mentalidad estrat\u00e9gica empresarial para resolver tu problema de manera breve y efectiva.\" \/>\n<meta name=\"robots\" content=\"index, follow, max-snippet:-1, max-image-preview:large, max-video-preview:-1\" \/>\n<link rel=\"canonical\" href=\"https:\/\/www.stefano-melis.com\/it\/consultor-empresarial-barcelona\/\" \/>\n<meta property=\"og:locale\" content=\"it_IT\" \/>\n<meta property=\"og:type\" content=\"article\" \/>\n<meta property=\"og:title\" content=\"Consultor estrat\u00e9gico empresarial en Barcelona | Stefano Melis\" \/>\n<meta property=\"og:description\" content=\"Consultor\u00eda empresarial estrat\u00e9gica en Barcelona. Contacta y te ayudar\u00e9 a crear una mentalidad estrat\u00e9gica empresarial para resolver tu problema de manera breve y efectiva.\" \/>\n<meta property=\"og:url\" content=\"https:\/\/www.stefano-melis.com\/it\/consultor-empresarial-barcelona\/\" \/>\n<meta property=\"og:site_name\" content=\"Stefano Melis\" \/>\n<meta property=\"article:modified_time\" content=\"2025-06-04T17:33:00+00:00\" \/>\n<meta property=\"og:image\" content=\"https:\/\/www.stefano-melis.com\/wp-content\/uploads\/2024\/02\/P5180298-1.png\" \/>\n\t<meta property=\"og:image:width\" content=\"599\" \/>\n\t<meta property=\"og:image:height\" content=\"799\" \/>\n\t<meta property=\"og:image:type\" content=\"image\/png\" \/>\n<meta name=\"twitter:card\" content=\"summary_large_image\" \/>\n<meta name=\"twitter:label1\" content=\"Tempo di lettura stimato\" \/>\n\t<meta name=\"twitter:data1\" content=\"1 minuto\" \/>\n<script type=\"application\/ld+json\" class=\"yoast-schema-graph\">{\"@context\":\"https:\\\/\\\/schema.org\",\"@graph\":[{\"@type\":\"WebPage\",\"@id\":\"https:\\\/\\\/www.stefano-melis.com\\\/consultor-empresarial-barcelona\\\/\",\"url\":\"https:\\\/\\\/www.stefano-melis.com\\\/consultor-empresarial-barcelona\\\/\",\"name\":\"Consultor estrat\u00e9gico empresarial en Barcelona | Stefano Melis\",\"isPartOf\":{\"@id\":\"https:\\\/\\\/www.stefano-melis.com\\\/#website\"},\"primaryImageOfPage\":{\"@id\":\"https:\\\/\\\/www.stefano-melis.com\\\/consultor-empresarial-barcelona\\\/#primaryimage\"},\"image\":{\"@id\":\"https:\\\/\\\/www.stefano-melis.com\\\/consultor-empresarial-barcelona\\\/#primaryimage\"},\"thumbnailUrl\":\"https:\\\/\\\/www.stefano-melis.com\\\/wp-content\\\/uploads\\\/2024\\\/02\\\/P5180298-1.png\",\"datePublished\":\"2022-01-14T09:43:28+00:00\",\"dateModified\":\"2025-06-04T17:33:00+00:00\",\"description\":\"Consultor\u00eda empresarial estrat\u00e9gica en Barcelona. Contacta y te ayudar\u00e9 a crear una mentalidad estrat\u00e9gica empresarial para resolver tu problema de manera breve y efectiva.\",\"breadcrumb\":{\"@id\":\"https:\\\/\\\/www.stefano-melis.com\\\/consultor-empresarial-barcelona\\\/#breadcrumb\"},\"inLanguage\":\"it-IT\",\"potentialAction\":[{\"@type\":\"ReadAction\",\"target\":[\"https:\\\/\\\/www.stefano-melis.com\\\/consultor-empresarial-barcelona\\\/\"]}]},{\"@type\":\"ImageObject\",\"inLanguage\":\"it-IT\",\"@id\":\"https:\\\/\\\/www.stefano-melis.com\\\/consultor-empresarial-barcelona\\\/#primaryimage\",\"url\":\"https:\\\/\\\/www.stefano-melis.com\\\/wp-content\\\/uploads\\\/2024\\\/02\\\/P5180298-1.png\",\"contentUrl\":\"https:\\\/\\\/www.stefano-melis.com\\\/wp-content\\\/uploads\\\/2024\\\/02\\\/P5180298-1.png\"},{\"@type\":\"BreadcrumbList\",\"@id\":\"https:\\\/\\\/www.stefano-melis.com\\\/consultor-empresarial-barcelona\\\/#breadcrumb\",\"itemListElement\":[{\"@type\":\"ListItem\",\"position\":1,\"name\":\"Portada\",\"item\":\"https:\\\/\\\/www.stefano-melis.com\\\/\"},{\"@type\":\"ListItem\",\"position\":2,\"name\":\"Contacto\"}]},{\"@type\":\"WebSite\",\"@id\":\"https:\\\/\\\/www.stefano-melis.com\\\/#website\",\"url\":\"https:\\\/\\\/www.stefano-melis.com\\\/\",\"name\":\"Stefano Melis - Consultor estrat\u00e9gico empresarial\",\"description\":\"Consultor estrat\u00e9gico empresarial\",\"potentialAction\":[{\"@type\":\"SearchAction\",\"target\":{\"@type\":\"EntryPoint\",\"urlTemplate\":\"https:\\\/\\\/www.stefano-melis.com\\\/?s={search_term_string}\"},\"query-input\":{\"@type\":\"PropertyValueSpecification\",\"valueRequired\":true,\"valueName\":\"search_term_string\"}}],\"inLanguage\":\"it-IT\"}]}<\/script>\n<!-- \/ Yoast SEO plugin. -->","yoast_head_json":{"title":"Consultor estrat\u00e9gico empresarial en Barcelona | Stefano Melis","description":"Consultor\u00eda empresarial estrat\u00e9gica en Barcelona. Contacta y te ayudar\u00e9 a crear una mentalidad estrat\u00e9gica empresarial para resolver tu problema de manera breve y efectiva.","robots":{"index":"index","follow":"follow","max-snippet":"max-snippet:-1","max-image-preview":"max-image-preview:large","max-video-preview":"max-video-preview:-1"},"canonical":"https:\/\/www.stefano-melis.com\/it\/consultor-empresarial-barcelona\/","og_locale":"it_IT","og_type":"article","og_title":"Consultor estrat\u00e9gico empresarial en Barcelona | Stefano Melis","og_description":"Consultor\u00eda empresarial estrat\u00e9gica en Barcelona. Contacta y te ayudar\u00e9 a crear una mentalidad estrat\u00e9gica empresarial para resolver tu problema de manera breve y efectiva.","og_url":"https:\/\/www.stefano-melis.com\/it\/consultor-empresarial-barcelona\/","og_site_name":"Stefano Melis","article_modified_time":"2025-06-04T17:33:00+00:00","og_image":[{"width":599,"height":799,"url":"https:\/\/www.stefano-melis.com\/wp-content\/uploads\/2024\/02\/P5180298-1.png","type":"image\/png"}],"twitter_card":"summary_large_image","twitter_misc":{"Tempo di lettura stimato":"1 minuto"},"schema":{"@context":"https:\/\/schema.org","@graph":[{"@type":"WebPage","@id":"https:\/\/www.stefano-melis.com\/consultor-empresarial-barcelona\/","url":"https:\/\/www.stefano-melis.com\/consultor-empresarial-barcelona\/","name":"Consultor estrat\u00e9gico empresarial en Barcelona | Stefano Melis","isPartOf":{"@id":"https:\/\/www.stefano-melis.com\/#website"},"primaryImageOfPage":{"@id":"https:\/\/www.stefano-melis.com\/consultor-empresarial-barcelona\/#primaryimage"},"image":{"@id":"https:\/\/www.stefano-melis.com\/consultor-empresarial-barcelona\/#primaryimage"},"thumbnailUrl":"https:\/\/www.stefano-melis.com\/wp-content\/uploads\/2024\/02\/P5180298-1.png","datePublished":"2022-01-14T09:43:28+00:00","dateModified":"2025-06-04T17:33:00+00:00","description":"Consultor\u00eda empresarial estrat\u00e9gica en Barcelona. Contacta y te ayudar\u00e9 a crear una mentalidad estrat\u00e9gica empresarial para resolver tu problema de manera breve y efectiva.","breadcrumb":{"@id":"https:\/\/www.stefano-melis.com\/consultor-empresarial-barcelona\/#breadcrumb"},"inLanguage":"it-IT","potentialAction":[{"@type":"ReadAction","target":["https:\/\/www.stefano-melis.com\/consultor-empresarial-barcelona\/"]}]},{"@type":"ImageObject","inLanguage":"it-IT","@id":"https:\/\/www.stefano-melis.com\/consultor-empresarial-barcelona\/#primaryimage","url":"https:\/\/www.stefano-melis.com\/wp-content\/uploads\/2024\/02\/P5180298-1.png","contentUrl":"https:\/\/www.stefano-melis.com\/wp-content\/uploads\/2024\/02\/P5180298-1.png"},{"@type":"BreadcrumbList","@id":"https:\/\/www.stefano-melis.com\/consultor-empresarial-barcelona\/#breadcrumb","itemListElement":[{"@type":"ListItem","position":1,"name":"Portada","item":"https:\/\/www.stefano-melis.com\/"},{"@type":"ListItem","position":2,"name":"Contacto"}]},{"@type":"WebSite","@id":"https:\/\/www.stefano-melis.com\/#website","url":"https:\/\/www.stefano-melis.com\/","name":"Stefano Melis - Consultor estrat\u00e9gico empresarial","description":"Consulente strategico aziendale","potentialAction":[{"@type":"SearchAction","target":{"@type":"EntryPoint","urlTemplate":"https:\/\/www.stefano-melis.com\/?s={search_term_string}"},"query-input":{"@type":"PropertyValueSpecification","valueRequired":true,"valueName":"search_term_string"}}],"inLanguage":"it-IT"}]}},"_links":{"self":[{"href":"https:\/\/www.stefano-melis.com\/it\/wp-json\/wp\/v2\/pages\/1733","targetHints":{"allow":["GET"]}}],"collection":[{"href":"https:\/\/www.stefano-melis.com\/it\/wp-json\/wp\/v2\/pages"}],"about":[{"href":"https:\/\/www.stefano-melis.com\/it\/wp-json\/wp\/v2\/types\/page"}],"author":[{"embeddable":true,"href":"https:\/\/www.stefano-melis.com\/it\/wp-json\/wp\/v2\/users\/6"}],"replies":[{"embeddable":true,"href":"https:\/\/www.stefano-melis.com\/it\/wp-json\/wp\/v2\/comments?post=1733"}],"version-history":[{"count":63,"href":"https:\/\/www.stefano-melis.com\/it\/wp-json\/wp\/v2\/pages\/1733\/revisions"}],"predecessor-version":[{"id":6707,"href":"https:\/\/www.stefano-melis.com\/it\/wp-json\/wp\/v2\/pages\/1733\/revisions\/6707"}],"wp:attachment":[{"href":"https:\/\/www.stefano-melis.com\/it\/wp-json\/wp\/v2\/media?parent=1733"}],"curies":[{"name":"wp","href":"https:\/\/api.w.org\/{rel}","templated":true}]}}